{"id":10,"date":"2020-02-06T11:46:55","date_gmt":"2020-02-06T11:46:55","guid":{"rendered":"https:\/\/riksen.barn.ee\/?page_id=10"},"modified":"2020-02-06T23:57:35","modified_gmt":"2020-02-06T21:57:35","slug":"meeskond","status":"publish","type":"page","link":"https:\/\/riksen.ee\/et\/meeskond\/","title":{"rendered":"Meeskond"},"content":{"rendered":"<p>Parim V\u00e4iketootja M\u00f6\u00f6blisektoris 2017<\/p>","protected":false},"excerpt":{"rendered":"<p>Parim V\u00e4iketootja M\u00f6\u00f6blisektoris 2017<\/p>\n","protected":false},"author":1,"featured_media":0,"parent":0,"menu_order":4,"comment_status":"closed","ping_status":"closed","template":"template-team.php","meta":[],"acf":[],"_links":{"self":[{"href":"https:\/\/riksen.ee\/et\/wp-json\/wp\/v2\/pages\/10"}],"collection":[{"href":"https:\/\/riksen.ee\/et\/wp-json\/wp\/v2\/pages"}],"about":[{"href":"https:\/\/riksen.ee\/et\/wp-json\/wp\/v2\/types\/page"}],"author":[{"embeddable":true,"href":"https:\/\/riksen.ee\/et\/wp-json\/wp\/v2\/users\/1"}],"replies":[{"embeddable":true,"href":"https:\/\/riksen.ee\/et\/wp-json\/wp\/v2\/comments?post=10"}],"version-history":[{"count":2,"href":"https:\/\/riksen.ee\/et\/wp-json\/wp\/v2\/pages\/10\/revisions"}],"predecessor-version":[{"id":127,"href":"https:\/\/riksen.ee\/et\/wp-json\/wp\/v2\/pages\/10\/revisions\/127"}],"wp:attachment":[{"href":"https:\/\/riksen.ee\/et\/wp-json\/wp\/v2\/media?parent=10"}],"curies":[{"name":"wp","href":"https:\/\/api.w.org\/{rel}","templated":true}]}}