{"id":12,"date":"2020-02-06T11:47:09","date_gmt":"2020-02-06T11:47:09","guid":{"rendered":"https:\/\/riksen.barn.ee\/?page_id=12"},"modified":"2020-02-06T15:44:14","modified_gmt":"2020-02-06T13:44:14","slug":"teenused","status":"publish","type":"page","link":"https:\/\/riksen.ee\/et\/teenused\/","title":{"rendered":"Teenused"},"content":{"rendered":"<p>Eritellimusm\u00f6\u00f6bli valmistamine on tehnilist ja loomingulist m\u00f5tlemist \u00fchendav protsess, kus parim tulemus s\u00fcnnib mitmete valdkondade spetsialistide koost\u00f6\u00f6s.<br \/>\nT\u00f6\u00f6 kulgu hoiab koos ja aitab tervikuna hallata asjatundlik projektijuht, kes on k\u00f5igi osapoolte keskpunktiks. Meie kliendina on sul alati olemas kindel inimene, kelle k\u00e4est k\u00fcsida ja kes vastutab.<\/p>","protected":false},"excerpt":{"rendered":"<p>Eritellimusm\u00f6\u00f6bli valmistamine on tehnilist ja loomingulist m\u00f5tlemist \u00fchendav protsess, kus parim tulemus s\u00fcnnib mitmete valdkondade spetsialistide koost\u00f6\u00f6s. T\u00f6\u00f6 kulgu hoiab koos ja aitab tervikuna hallata asjatundlik projektijuht, kes on k\u00f5igi osapoolte keskpunktiks. Meie kliendina on sul alati olemas kindel inimene, kelle k\u00e4est k\u00fcsida ja kes vastutab.<\/p>\n","protected":false},"author":1,"featured_media":0,"parent":0,"menu_order":6,"comment_status":"closed","ping_status":"closed","template":"template-services.php","meta":[],"acf":[],"_links":{"self":[{"href":"https:\/\/riksen.ee\/et\/wp-json\/wp\/v2\/pages\/12"}],"collection":[{"href":"https:\/\/riksen.ee\/et\/wp-json\/wp\/v2\/pages"}],"about":[{"href":"https:\/\/riksen.ee\/et\/wp-json\/wp\/v2\/types\/page"}],"author":[{"embeddable":true,"href":"https:\/\/riksen.ee\/et\/wp-json\/wp\/v2\/users\/1"}],"replies":[{"embeddable":true,"href":"https:\/\/riksen.ee\/et\/wp-json\/wp\/v2\/comments?post=12"}],"version-history":[{"count":2,"href":"https:\/\/riksen.ee\/et\/wp-json\/wp\/v2\/pages\/12\/revisions"}],"predecessor-version":[{"id":65,"href":"https:\/\/riksen.ee\/et\/wp-json\/wp\/v2\/pages\/12\/revisions\/65"}],"wp:attachment":[{"href":"https:\/\/riksen.ee\/et\/wp-json\/wp\/v2\/media?parent=12"}],"curies":[{"name":"wp","href":"https:\/\/api.w.org\/{rel}","templated":true}]}}