{"id":27,"date":"2020-02-06T14:43:17","date_gmt":"2020-02-06T12:43:17","guid":{"rendered":"https:\/\/riksen.barn.ee\/?page_id=27"},"modified":"2020-02-06T14:51:46","modified_gmt":"2020-02-06T12:51:46","slug":"avaleht","status":"publish","type":"page","link":"https:\/\/riksen.ee\/et\/","title":{"rendered":"M\u00f6\u00f6bel, mis loob atmosf\u00e4\u00e4ri"},"content":{"rendered":"<p>Eritellimusm\u00f6\u00f6bli t\u00e4islahendused: projektijuhtimine, sisekujundus, tootmine ja paigaldus<\/p>","protected":false},"excerpt":{"rendered":"<p>Eritellimusm\u00f6\u00f6bli t\u00e4islahendused: projektijuhtimine, sisekujundus, tootmine ja paigaldus<\/p>\n","protected":false},"author":1,"featured_media":0,"parent":0,"menu_order":5,"comment_status":"closed","ping_status":"closed","template":"template-frontpage.php","meta":[],"acf":[],"_links":{"self":[{"href":"https:\/\/riksen.ee\/et\/wp-json\/wp\/v2\/pages\/27"}],"collection":[{"href":"https:\/\/riksen.ee\/et\/wp-json\/wp\/v2\/pages"}],"about":[{"href":"https:\/\/riksen.ee\/et\/wp-json\/wp\/v2\/types\/page"}],"author":[{"embeddable":true,"href":"https:\/\/riksen.ee\/et\/wp-json\/wp\/v2\/users\/1"}],"replies":[{"embeddable":true,"href":"https:\/\/riksen.ee\/et\/wp-json\/wp\/v2\/comments?post=27"}],"version-history":[{"count":2,"href":"https:\/\/riksen.ee\/et\/wp-json\/wp\/v2\/pages\/27\/revisions"}],"predecessor-version":[{"id":31,"href":"https:\/\/riksen.ee\/et\/wp-json\/wp\/v2\/pages\/27\/revisions\/31"}],"wp:attachment":[{"href":"https:\/\/riksen.ee\/et\/wp-json\/wp\/v2\/media?parent=27"}],"curies":[{"name":"wp","href":"https:\/\/api.w.org\/{rel}","templated":true}]}}